{"id":2293,"date":"2021-03-15T14:22:52","date_gmt":"2021-03-15T12:22:52","guid":{"rendered":"https:\/\/rpl-invest.com\/contacto\/"},"modified":"2025-09-24T18:26:30","modified_gmt":"2025-09-24T16:26:30","slug":"contacto","status":"publish","type":"page","link":"https:\/\/rpl-invest.com\/es\/contacto\/","title":{"rendered":"CONTACTO"},"content":{"rendered":"<p>[et_pb_section fb_built=\u00bb1&#8243; _builder_version=\u00bb4.20.2&#8243; background_color=\u00bb#D0910C\u00bb custom_margin=\u00bbauto||auto||false|false\u00bb custom_padding=\u00bb43px||||false|false\u00bb global_colors_info=\u00bb{}\u00bb][et_pb_row _builder_version=\u00bb4.16&#8243; _module_preset=\u00bbdefault\u00bb min_height=\u00bb315.5px\u00bb custom_margin=\u00bb-21px|auto|-21px|auto||\u00bb custom_padding=\u00bb8px||19px|||\u00bb global_colors_info=\u00bb{}\u00bb][et_pb_column type=\u00bb4_4&#8243; _builder_version=\u00bb4.16&#8243; _module_preset=\u00bbdefault\u00bb global_colors_info=\u00bb{}\u00bb][et_pb_blurb title=\u00bbCONTACTA CON NOSOTROS COMO PREFIERAS\u00bb use_icon=\u00bbon\u00bb font_icon=\u00bb&#x77;||divi||400&#8243; icon_color=\u00bb#FFFFFF\u00bb image_icon_width=\u00bb125px\u00bb _builder_version=\u00bb4.20.2&#8243; _module_preset=\u00bbdefault\u00bb header_font=\u00bb|600|||||||\u00bb header_text_align=\u00bbcenter\u00bb header_text_color=\u00bb#FFFFFF\u00bb header_font_size=\u00bb35px\u00bb body_text_color=\u00bb#FFFFFF\u00bb body_font_size=\u00bb17px\u00bb min_height=\u00bb279.3px\u00bb custom_padding=\u00bb8px||0px|||\u00bb icon_font_size=\u00bb200px\u00bb global_colors_info=\u00bb{}\u00bb]<\/p>\n<p style=\"text-align: center;\">A TRAV\u00c9S DE NUESTRO WHATSAPP VINCULADO EN EL EXTREMO DERECHO DE LA WEB O TRAV\u00c9S DE NUESTRO FORMULARIO DE CONTACTO<\/p>\n<p>[\/et_pb_blurb][\/et_pb_column][\/et_pb_row][et_pb_row column_structure=\u00bb3_4,1_4&#8243; _builder_version=\u00bb4.16&#8243; background_color=\u00bbRGBA(0,0,0,0)\u00bb background_size=\u00bbinitial\u00bb background_position=\u00bbtop_left\u00bb background_repeat=\u00bbrepeat\u00bb max_width=\u00bb2560px\u00bb min_height=\u00bb364.5px\u00bb custom_margin=\u00bb16px|auto||auto||\u00bb custom_padding=\u00bb19px|0px|0px|||\u00bb global_colors_info=\u00bb{}\u00bb][et_pb_column type=\u00bb3_4&#8243; _builder_version=\u00bb4.16&#8243; custom_padding=\u00bb|||\u00bb global_colors_info=\u00bb{}\u00bb custom_padding__hover=\u00bb|||\u00bb][et_pb_contact_form captcha=\u00bboff\u00bb email=\u00bbinfo@rpl-invest.com\u00bb success_message=\u00bbCorreo enviado con \u00e9xito. En breves nos pondremos en contacto, gracias por su inter\u00e9s.\u00bb submit_button_text=\u00bbEnviar\u00bb _builder_version=\u00bb4.20.2&#8243; _unique_id=\u00bbfa9ebfad-15bd-4d7b-bade-e1b825563804&#8243; form_field_background_color=\u00bb#ffffff\u00bb form_field_text_color=\u00bb#000000&#8243; form_field_focus_background_color=\u00bb#ffffff\u00bb form_field_focus_text_color=\u00bb#000000&#8243; title_text_color=\u00bb#000000&#8243; captcha_font=\u00bb||||||||\u00bb captcha_text_color=\u00bb#000000&#8243; captcha_font_size=\u00bb14px\u00bb captcha_letter_spacing=\u00bb1px\u00bb vertical_offset_tablet=\u00bb0&#8243; horizontal_offset_tablet=\u00bb0&#8243; text_orientation=\u00bbleft\u00bb width=\u00bb100%\u00bb module_alignment=\u00bbcenter\u00bb min_height=\u00bb196.5px\u00bb custom_margin=\u00bb1px|17px|-58px|-3px||\u00bb custom_padding=\u00bb0px|0px||0px||\u00bb z_index_tablet=\u00bb0&#8243; title_text_shadow_horizontal_length_tablet=\u00bb0px\u00bb title_text_shadow_vertical_length_tablet=\u00bb0px\u00bb title_text_shadow_blur_strength_tablet=\u00bb1px\u00bb captcha_text_shadow_horizontal_length_tablet=\u00bb0px\u00bb captcha_text_shadow_vertical_length_tablet=\u00bb0px\u00bb captcha_text_shadow_blur_strength_tablet=\u00bb1px\u00bb form_field_text_shadow_horizontal_length_tablet=\u00bb0px\u00bb form_field_text_shadow_vertical_length_tablet=\u00bb0px\u00bb form_field_text_shadow_blur_strength_tablet=\u00bb1px\u00bb border_width_all=\u00bb3px\u00bb border_color_all=\u00bb#000000&#8243; border_color_left=\u00bb#595856&#8243; border_style_left=\u00bboutset\u00bb button_text_shadow_horizontal_length_tablet=\u00bb0px\u00bb button_text_shadow_vertical_length_tablet=\u00bb0px\u00bb button_text_shadow_blur_strength_tablet=\u00bb1px\u00bb box_shadow_horizontal_tablet=\u00bb0px\u00bb box_shadow_vertical_tablet=\u00bb0px\u00bb box_shadow_blur_tablet=\u00bb40px\u00bb box_shadow_spread_tablet=\u00bb0px\u00bb box_shadow_horizontal_button_tablet=\u00bb0px\u00bb box_shadow_vertical_button_tablet=\u00bb0px\u00bb box_shadow_blur_button_tablet=\u00bb40px\u00bb box_shadow_spread_button_tablet=\u00bb0px\u00bb text_shadow_horizontal_length_tablet=\u00bb0px\u00bb text_shadow_vertical_length_tablet=\u00bb0px\u00bb text_shadow_blur_strength_tablet=\u00bb1px\u00bb global_colors_info=\u00bb{}\u00bb][et_pb_contact_field field_id=\u00bbNom_i_cognoms\u00bb field_title=\u00bbNombre y apellidos*\u00bb field_title_tablet=\u00bbNombre\u00bb field_title_phone=\u00bbNombre\u00bb _builder_version=\u00bb4.20.2&#8243; vertical_offset_tablet=\u00bb0&#8243; vertical_offset_phone=\u00bb0&#8243; horizontal_offset_tablet=\u00bb0&#8243; horizontal_offset_phone=\u00bb0&#8243; background_color_gradient_direction_tablet=\u00bb180deg\u00bb background_color_gradient_direction_phone=\u00bb180deg\u00bb background_color_gradient_stops_tablet=\u00bb#2b87da 0%|#29c4a9 100%\u00bb background_color_gradient_stops_phone=\u00bb#2b87da 0%|#29c4a9 100%\u00bb background_color_gradient_start_position_tablet=\u00bb0%\u00bb background_color_gradient_start_position_phone=\u00bb0%\u00bb background_color_gradient_end_position_tablet=\u00bb100%\u00bb background_color_gradient_end_position_phone=\u00bb100%\u00bb z_index_tablet=\u00bb0&#8243; z_index_phone=\u00bb0&#8243; hover_transition_duration_tablet=\u00bb300ms\u00bb hover_transition_duration_phone=\u00bb300ms\u00bb hover_transition_delay_tablet=\u00bb0ms\u00bb hover_transition_delay_phone=\u00bb0ms\u00bb form_field_text_shadow_horizontal_length_tablet=\u00bb0px\u00bb form_field_text_shadow_horizontal_length_phone=\u00bb0px\u00bb form_field_text_shadow_vertical_length_tablet=\u00bb0px\u00bb form_field_text_shadow_vertical_length_phone=\u00bb0px\u00bb form_field_text_shadow_blur_strength_tablet=\u00bb1px\u00bb form_field_text_shadow_blur_strength_phone=\u00bb1px\u00bb box_shadow_horizontal_tablet=\u00bb0px\u00bb box_shadow_horizontal_phone=\u00bb0px\u00bb box_shadow_vertical_tablet=\u00bb0px\u00bb box_shadow_vertical_phone=\u00bb0px\u00bb box_shadow_blur_tablet=\u00bb40px\u00bb box_shadow_blur_phone=\u00bb40px\u00bb box_shadow_spread_tablet=\u00bb0px\u00bb box_shadow_spread_phone=\u00bb0px\u00bb global_colors_info=\u00bb{}\u00bb][\/et_pb_contact_field][et_pb_contact_field field_id=\u00bbMail\u00bb field_title=\u00bbCorreo electr\u00f3nico*\u00bb field_type=\u00bbemail\u00bb field_title_tablet=\u00bbCorreo electr\u00f3nico\u00bb field_title_phone=\u00bbCorreo electr\u00f3nico\u00bb _builder_version=\u00bb4.16&#8243; vertical_offset_tablet=\u00bb0&#8243; vertical_offset_phone=\u00bb0&#8243; horizontal_offset_tablet=\u00bb0&#8243; horizontal_offset_phone=\u00bb0&#8243; background_color_gradient_direction_tablet=\u00bb180deg\u00bb background_color_gradient_direction_phone=\u00bb180deg\u00bb background_color_gradient_stops_tablet=\u00bb#2b87da 0%|#29c4a9 100%\u00bb background_color_gradient_stops_phone=\u00bb#2b87da 0%|#29c4a9 100%\u00bb background_color_gradient_start_position_tablet=\u00bb0%\u00bb background_color_gradient_start_position_phone=\u00bb0%\u00bb background_color_gradient_end_position_tablet=\u00bb100%\u00bb background_color_gradient_end_position_phone=\u00bb100%\u00bb z_index_tablet=\u00bb0&#8243; z_index_phone=\u00bb0&#8243; hover_transition_duration_tablet=\u00bb300ms\u00bb hover_transition_duration_phone=\u00bb300ms\u00bb hover_transition_delay_tablet=\u00bb0ms\u00bb hover_transition_delay_phone=\u00bb0ms\u00bb form_field_text_shadow_horizontal_length_tablet=\u00bb0px\u00bb form_field_text_shadow_horizontal_length_phone=\u00bb0px\u00bb form_field_text_shadow_vertical_length_tablet=\u00bb0px\u00bb form_field_text_shadow_vertical_length_phone=\u00bb0px\u00bb form_field_text_shadow_blur_strength_tablet=\u00bb1px\u00bb form_field_text_shadow_blur_strength_phone=\u00bb1px\u00bb box_shadow_horizontal_tablet=\u00bb0px\u00bb box_shadow_horizontal_phone=\u00bb0px\u00bb box_shadow_vertical_tablet=\u00bb0px\u00bb box_shadow_vertical_phone=\u00bb0px\u00bb box_shadow_blur_tablet=\u00bb40px\u00bb box_shadow_blur_phone=\u00bb40px\u00bb box_shadow_spread_tablet=\u00bb0px\u00bb box_shadow_spread_phone=\u00bb0px\u00bb global_colors_info=\u00bb{}\u00bb][\/et_pb_contact_field][et_pb_contact_field field_id=\u00bbTel\u00e8fon\u00bb field_title=\u00bbM\u00f3vil*\u00bb _builder_version=\u00bb4.20.2&#8243; _module_preset=\u00bbdefault\u00bb global_colors_info=\u00bb{}\u00bb][\/et_pb_contact_field][et_pb_contact_field field_id=\u00bbForma_de_contacte\u00bb field_title=\u00bbC\u00f3mo quieres que te contactemos?*\u00bb field_type=\u00bbselect\u00bb select_options=\u00bb%91{%22value%22:%22M\u00f3vil%22,%22checked%22:0,%22dragID%22:-1},{%22value%22:%22Correo electr\u00f3nico%22,%22checked%22:0,%22dragID%22:0},{%22value%22:%22Indiferente%22,%22checked%22:0,%22dragID%22:1}%93&#8243; field_title_tablet=\u00bbC\u00f3mo quieres que te contactemos?\u00bb field_title_phone=\u00bbC\u00f3mo quieres que te contactemos?\u00bb _builder_version=\u00bb4.16&#8243; _module_preset=\u00bbdefault\u00bb vertical_offset_tablet=\u00bb0&#8243; vertical_offset_phone=\u00bb0&#8243; horizontal_offset_tablet=\u00bb0&#8243; horizontal_offset_phone=\u00bb0&#8243; width_tablet=\u00bbauto\u00bb width_phone=\u00bbauto\u00bb min_height_tablet=\u00bbauto\u00bb min_height_phone=\u00bbauto\u00bb background_color_gradient_direction_tablet=\u00bb180deg\u00bb background_color_gradient_direction_phone=\u00bb180deg\u00bb background_color_gradient_stops_tablet=\u00bb#2b87da 0%|#29c4a9 100%\u00bb background_color_gradient_stops_phone=\u00bb#2b87da 0%|#29c4a9 100%\u00bb background_color_gradient_start_position_tablet=\u00bb0%\u00bb background_color_gradient_start_position_phone=\u00bb0%\u00bb background_color_gradient_end_position_tablet=\u00bb100%\u00bb background_color_gradient_end_position_phone=\u00bb100%\u00bb z_index_tablet=\u00bb0&#8243; z_index_phone=\u00bb0&#8243; hover_transition_duration_tablet=\u00bb300ms\u00bb hover_transition_duration_phone=\u00bb300ms\u00bb hover_transition_delay_tablet=\u00bb0ms\u00bb hover_transition_delay_phone=\u00bb0ms\u00bb form_field_text_shadow_horizontal_length_tablet=\u00bb0px\u00bb form_field_text_shadow_horizontal_length_phone=\u00bb0px\u00bb form_field_text_shadow_vertical_length_tablet=\u00bb0px\u00bb form_field_text_shadow_vertical_length_phone=\u00bb0px\u00bb form_field_text_shadow_blur_strength_tablet=\u00bb1px\u00bb form_field_text_shadow_blur_strength_phone=\u00bb1px\u00bb box_shadow_horizontal_tablet=\u00bb0px\u00bb box_shadow_horizontal_phone=\u00bb0px\u00bb box_shadow_vertical_tablet=\u00bb0px\u00bb box_shadow_vertical_phone=\u00bb0px\u00bb box_shadow_blur_tablet=\u00bb40px\u00bb box_shadow_blur_phone=\u00bb40px\u00bb box_shadow_spread_tablet=\u00bb0px\u00bb box_shadow_spread_phone=\u00bb0px\u00bb global_colors_info=\u00bb{}\u00bb][\/et_pb_contact_field][et_pb_contact_field field_id=\u00bbMissatge\u00bb field_title=\u00bbCu\u00e9ntanos lo que quieras.\u00bb field_type=\u00bbtext\u00bb required_mark=\u00bboff\u00bb fullwidth_field=\u00bbon\u00bb field_title_tablet=\u00bbCu\u00e9ntanos lo que quieras sobre tu consulta \u00bb field_title_phone=\u00bbCu\u00e9ntanos lo que quieras sobre tu consulta \u00bb _builder_version=\u00bb4.16&#8243; vertical_offset_tablet=\u00bb0&#8243; vertical_offset_phone=\u00bb0&#8243; horizontal_offset_tablet=\u00bb0&#8243; horizontal_offset_phone=\u00bb0&#8243; background_color_gradient_direction_tablet=\u00bb180deg\u00bb background_color_gradient_direction_phone=\u00bb180deg\u00bb background_color_gradient_stops_tablet=\u00bb#2b87da 0%|#29c4a9 100%\u00bb background_color_gradient_stops_phone=\u00bb#2b87da 0%|#29c4a9 100%\u00bb background_color_gradient_start_position_tablet=\u00bb0%\u00bb background_color_gradient_start_position_phone=\u00bb0%\u00bb background_color_gradient_end_position_tablet=\u00bb100%\u00bb background_color_gradient_end_position_phone=\u00bb100%\u00bb z_index_tablet=\u00bb0&#8243; z_index_phone=\u00bb0&#8243; hover_transition_duration_tablet=\u00bb300ms\u00bb hover_transition_duration_phone=\u00bb300ms\u00bb hover_transition_delay_tablet=\u00bb0ms\u00bb hover_transition_delay_phone=\u00bb0ms\u00bb form_field_text_shadow_horizontal_length_tablet=\u00bb0px\u00bb form_field_text_shadow_horizontal_length_phone=\u00bb0px\u00bb form_field_text_shadow_vertical_length_tablet=\u00bb0px\u00bb form_field_text_shadow_vertical_length_phone=\u00bb0px\u00bb form_field_text_shadow_blur_strength_tablet=\u00bb1px\u00bb form_field_text_shadow_blur_strength_phone=\u00bb1px\u00bb box_shadow_horizontal_tablet=\u00bb0px\u00bb box_shadow_horizontal_phone=\u00bb0px\u00bb box_shadow_vertical_tablet=\u00bb0px\u00bb box_shadow_vertical_phone=\u00bb0px\u00bb box_shadow_blur_tablet=\u00bb40px\u00bb box_shadow_blur_phone=\u00bb40px\u00bb box_shadow_spread_tablet=\u00bb0px\u00bb box_shadow_spread_phone=\u00bb0px\u00bb global_colors_info=\u00bb{}\u00bb][\/et_pb_contact_field][\/et_pb_contact_form][\/et_pb_column][et_pb_column type=\u00bb1_4&#8243; _builder_version=\u00bb4.16&#8243; custom_padding=\u00bb|||\u00bb global_colors_info=\u00bb{}\u00bb custom_padding__hover=\u00bb|||\u00bb][et_pb_blurb title=\u00bbNos encontrar\u00e1s disponibles:\u00bb use_icon=\u00bbon\u00bb font_icon=\u00bb&#xe106;||divi||400&#8243; icon_color=\u00bb#FFFFFF\u00bb _builder_version=\u00bb4.16&#8243; _module_preset=\u00bbdefault\u00bb header_font=\u00bb|600|||||||\u00bb header_text_align=\u00bbcenter\u00bb header_text_color=\u00bb#FFFFFF\u00bb header_font_size=\u00bb25px\u00bb body_text_align=\u00bbcenter\u00bb body_text_color=\u00bb#FFFFFF\u00bb min_height=\u00bb235.6px\u00bb custom_margin=\u00bb1px||6px|||\u00bb custom_padding=\u00bb13px||0px|||\u00bb custom_css_blurb_image=\u00bbwidth:150px;\u00bb global_colors_info=\u00bb{}\u00bb]<\/p>\n<p>En nuestra oficina de lunes a viernes de 9:00 a 18:30. Aun as\u00ed, no dudes al pedirnos disponibilidad fuera de las horas de atenci\u00f3n habitual a trav\u00e9s de correo electr\u00f3nico, llamada o WhatsApp.<\/p>\n<p>[\/et_pb_blurb][\/et_pb_column][\/et_pb_row][\/et_pb_section][et_pb_section fb_built=\u00bb1&#8243; fullwidth=\u00bbon\u00bb _builder_version=\u00bb4.20.2&#8243; height=\u00bb450px\u00bb custom_margin=\u00bbauto||auto||false|false\u00bb global_colors_info=\u00bb{}\u00bb][et_pb_fullwidth_code _builder_version=\u00bb4.20.2&#8243; _module_preset=\u00bbdefault\u00bb vertical_offset_tablet=\u00bb0&#8243; horizontal_offset_tablet=\u00bb0&#8243; width=\u00bb100%\u00bb custom_margin=\u00bb||||false|false\u00bb custom_padding=\u00bb||0px||false|false\u00bb box_shadow_horizontal_tablet=\u00bb0px\u00bb box_shadow_vertical_tablet=\u00bb0px\u00bb box_shadow_blur_tablet=\u00bb40px\u00bb box_shadow_spread_tablet=\u00bb0px\u00bb global_colors_info=\u00bb{}\u00bb]<iframe src=\"https:\/\/www.google.com\/maps\/embed?pb=!1m14!1m8!1m3!1d12016.086621786531!2d1.1070911!3d41.1558788!3m2!1i1024!2i768!4f13.1!3m3!1m2!1s0x0%3A0xbcbed726b474d560!2sBROKREUS!5e0!3m2!1sca!2ses!4v1615896484364!5m2!1sca!2ses\" width=\"100%\" height=\"450\" style=\"border:0;\" allowfullscreen=\"\" loading=\"lazy\"><\/iframe>[\/et_pb_fullwidth_code][\/et_pb_section]<\/p>\n","protected":false},"excerpt":{"rendered":"<p>A TRAV\u00c9S DE NUESTRO WHATSAPP VINCULADO EN EL EXTREMO DERECHO DE LA WEB O TRAV\u00c9S DE NUESTRO FORMULARIO DE CONTACTOEn nuestra oficina de lunes a viernes de 9:00 a 18:30. Aun as\u00ed, no dudes al pedirnos disponibilidad fuera de las horas de atenci\u00f3n habitual a trav\u00e9s de correo electr\u00f3nico, llamada o WhatsApp.<\/p>\n","protected":false},"author":1,"featured_media":0,"parent":0,"menu_order":0,"comment_status":"closed","ping_status":"closed","template":"","meta":{"_et_pb_use_builder":"on","_et_pb_old_content":"","_et_gb_content_width":"","footnotes":""},"class_list":["post-2293","page","type-page","status-publish","hentry"],"yoast_head":"<!-- This site is optimized with the Yoast SEO plugin v26.8 - https:\/\/yoast.com\/product\/yoast-seo-wordpress\/ -->\n<title>CONTACTO - RPL INVEST<\/title>\n<meta name=\"description\" content=\"RPL Invest ofrece servicios de inversi\u00f3n y asesoramiento de tu patrimonio en Reus y el Camp de Tarragona. El nuestro objetivo es que los clientes logren sus objetivos financieros.\" \/>\n<meta name=\"robots\" content=\"index, follow, max-snippet:-1, max-image-preview:large, max-video-preview:-1\" \/>\n<link rel=\"canonical\" href=\"https:\/\/rpl-invest.com\/es\/contacto\/\" \/>\n<meta property=\"og:locale\" content=\"es_ES\" \/>\n<meta property=\"og:type\" content=\"article\" \/>\n<meta property=\"og:title\" content=\"CONTACTO - RPL INVEST\" \/>\n<meta property=\"og:description\" content=\"RPL Invest ofrece servicios de inversi\u00f3n y asesoramiento de tu patrimonio en Reus y el Camp de Tarragona. El nuestro objetivo es que los clientes logren sus objetivos financieros.\" \/>\n<meta property=\"og:url\" content=\"https:\/\/rpl-invest.com\/es\/contacto\/\" \/>\n<meta property=\"og:site_name\" content=\"RPL INVEST\" \/>\n<meta property=\"article:modified_time\" content=\"2025-09-24T16:26:30+00:00\" \/>\n<meta name=\"twitter:card\" content=\"summary_large_image\" \/>\n<meta name=\"twitter:label1\" content=\"Tiempo de lectura\" \/>\n\t<meta name=\"twitter:data1\" content=\"1 minuto\" \/>\n<script type=\"application\/ld+json\" class=\"yoast-schema-graph\">{\"@context\":\"https:\/\/schema.org\",\"@graph\":[{\"@type\":\"WebPage\",\"@id\":\"https:\/\/rpl-invest.com\/es\/contacto\/\",\"url\":\"https:\/\/rpl-invest.com\/es\/contacto\/\",\"name\":\"CONTACTO - RPL INVEST\",\"isPartOf\":{\"@id\":\"https:\/\/rpl-invest.com\/#website\"},\"datePublished\":\"2021-03-15T12:22:52+00:00\",\"dateModified\":\"2025-09-24T16:26:30+00:00\",\"description\":\"RPL Invest ofrece servicios de inversi\u00f3n y asesoramiento de tu patrimonio en Reus y el Camp de Tarragona. El nuestro objetivo es que los clientes logren sus objetivos financieros.\",\"breadcrumb\":{\"@id\":\"https:\/\/rpl-invest.com\/es\/contacto\/#breadcrumb\"},\"inLanguage\":\"es\",\"potentialAction\":[{\"@type\":\"ReadAction\",\"target\":[\"https:\/\/rpl-invest.com\/es\/contacto\/\"]}]},{\"@type\":\"BreadcrumbList\",\"@id\":\"https:\/\/rpl-invest.com\/es\/contacto\/#breadcrumb\",\"itemListElement\":[{\"@type\":\"ListItem\",\"position\":1,\"name\":\"Portada\",\"item\":\"https:\/\/rpl-invest.com\/es\/\"},{\"@type\":\"ListItem\",\"position\":2,\"name\":\"CONTACTO\"}]},{\"@type\":\"WebSite\",\"@id\":\"https:\/\/rpl-invest.com\/#website\",\"url\":\"https:\/\/rpl-invest.com\/\",\"name\":\"RPL INVEST\",\"description\":\"SERVICIOS DE INVERSI\u00d3N EN REUS Y TARRAGONA\",\"publisher\":{\"@id\":\"https:\/\/rpl-invest.com\/#organization\"},\"potentialAction\":[{\"@type\":\"SearchAction\",\"target\":{\"@type\":\"EntryPoint\",\"urlTemplate\":\"https:\/\/rpl-invest.com\/?s={search_term_string}\"},\"query-input\":{\"@type\":\"PropertyValueSpecification\",\"valueRequired\":true,\"valueName\":\"search_term_string\"}}],\"inLanguage\":\"es\"},{\"@type\":\"Organization\",\"@id\":\"https:\/\/rpl-invest.com\/#organization\",\"name\":\"RPL INVEST\",\"url\":\"https:\/\/rpl-invest.com\/\",\"logo\":{\"@type\":\"ImageObject\",\"inLanguage\":\"es\",\"@id\":\"https:\/\/rpl-invest.com\/#\/schema\/logo\/image\/\",\"url\":\"https:\/\/rpl-invest.com\/wp-content\/uploads\/2022\/12\/rpl-invest.png\",\"contentUrl\":\"https:\/\/rpl-invest.com\/wp-content\/uploads\/2022\/12\/rpl-invest.png\",\"width\":988,\"height\":416,\"caption\":\"RPL INVEST\"},\"image\":{\"@id\":\"https:\/\/rpl-invest.com\/#\/schema\/logo\/image\/\"}}]}<\/script>\n<!-- \/ Yoast SEO plugin. -->","yoast_head_json":{"title":"CONTACTO - RPL INVEST","description":"RPL Invest ofrece servicios de inversi\u00f3n y asesoramiento de tu patrimonio en Reus y el Camp de Tarragona. El nuestro objetivo es que los clientes logren sus objetivos financieros.","robots":{"index":"index","follow":"follow","max-snippet":"max-snippet:-1","max-image-preview":"max-image-preview:large","max-video-preview":"max-video-preview:-1"},"canonical":"https:\/\/rpl-invest.com\/es\/contacto\/","og_locale":"es_ES","og_type":"article","og_title":"CONTACTO - RPL INVEST","og_description":"RPL Invest ofrece servicios de inversi\u00f3n y asesoramiento de tu patrimonio en Reus y el Camp de Tarragona. El nuestro objetivo es que los clientes logren sus objetivos financieros.","og_url":"https:\/\/rpl-invest.com\/es\/contacto\/","og_site_name":"RPL INVEST","article_modified_time":"2025-09-24T16:26:30+00:00","twitter_card":"summary_large_image","twitter_misc":{"Tiempo de lectura":"1 minuto"},"schema":{"@context":"https:\/\/schema.org","@graph":[{"@type":"WebPage","@id":"https:\/\/rpl-invest.com\/es\/contacto\/","url":"https:\/\/rpl-invest.com\/es\/contacto\/","name":"CONTACTO - RPL INVEST","isPartOf":{"@id":"https:\/\/rpl-invest.com\/#website"},"datePublished":"2021-03-15T12:22:52+00:00","dateModified":"2025-09-24T16:26:30+00:00","description":"RPL Invest ofrece servicios de inversi\u00f3n y asesoramiento de tu patrimonio en Reus y el Camp de Tarragona. El nuestro objetivo es que los clientes logren sus objetivos financieros.","breadcrumb":{"@id":"https:\/\/rpl-invest.com\/es\/contacto\/#breadcrumb"},"inLanguage":"es","potentialAction":[{"@type":"ReadAction","target":["https:\/\/rpl-invest.com\/es\/contacto\/"]}]},{"@type":"BreadcrumbList","@id":"https:\/\/rpl-invest.com\/es\/contacto\/#breadcrumb","itemListElement":[{"@type":"ListItem","position":1,"name":"Portada","item":"https:\/\/rpl-invest.com\/es\/"},{"@type":"ListItem","position":2,"name":"CONTACTO"}]},{"@type":"WebSite","@id":"https:\/\/rpl-invest.com\/#website","url":"https:\/\/rpl-invest.com\/","name":"RPL INVEST","description":"SERVICIOS DE INVERSI\u00d3N EN REUS Y TARRAGONA","publisher":{"@id":"https:\/\/rpl-invest.com\/#organization"},"potentialAction":[{"@type":"SearchAction","target":{"@type":"EntryPoint","urlTemplate":"https:\/\/rpl-invest.com\/?s={search_term_string}"},"query-input":{"@type":"PropertyValueSpecification","valueRequired":true,"valueName":"search_term_string"}}],"inLanguage":"es"},{"@type":"Organization","@id":"https:\/\/rpl-invest.com\/#organization","name":"RPL INVEST","url":"https:\/\/rpl-invest.com\/","logo":{"@type":"ImageObject","inLanguage":"es","@id":"https:\/\/rpl-invest.com\/#\/schema\/logo\/image\/","url":"https:\/\/rpl-invest.com\/wp-content\/uploads\/2022\/12\/rpl-invest.png","contentUrl":"https:\/\/rpl-invest.com\/wp-content\/uploads\/2022\/12\/rpl-invest.png","width":988,"height":416,"caption":"RPL INVEST"},"image":{"@id":"https:\/\/rpl-invest.com\/#\/schema\/logo\/image\/"}}]}},"_links":{"self":[{"href":"https:\/\/rpl-invest.com\/es\/wp-json\/wp\/v2\/pages\/2293","targetHints":{"allow":["GET"]}}],"collection":[{"href":"https:\/\/rpl-invest.com\/es\/wp-json\/wp\/v2\/pages"}],"about":[{"href":"https:\/\/rpl-invest.com\/es\/wp-json\/wp\/v2\/types\/page"}],"author":[{"embeddable":true,"href":"https:\/\/rpl-invest.com\/es\/wp-json\/wp\/v2\/users\/1"}],"replies":[{"embeddable":true,"href":"https:\/\/rpl-invest.com\/es\/wp-json\/wp\/v2\/comments?post=2293"}],"version-history":[{"count":27,"href":"https:\/\/rpl-invest.com\/es\/wp-json\/wp\/v2\/pages\/2293\/revisions"}],"predecessor-version":[{"id":3464,"href":"https:\/\/rpl-invest.com\/es\/wp-json\/wp\/v2\/pages\/2293\/revisions\/3464"}],"wp:attachment":[{"href":"https:\/\/rpl-invest.com\/es\/wp-json\/wp\/v2\/media?parent=2293"}],"curies":[{"name":"wp","href":"https:\/\/api.w.org\/{rel}","templated":true}]}}