{"id":2735,"date":"2023-10-02T17:48:48","date_gmt":"2023-10-02T15:48:48","guid":{"rendered":"https:\/\/rpl-invest.com\/blog-de-actualidad-2\/"},"modified":"2025-09-24T18:23:57","modified_gmt":"2025-09-24T16:23:57","slug":"blog-de-actualidad-2","status":"publish","type":"page","link":"https:\/\/rpl-invest.com\/es\/blog-de-actualidad-2\/","title":{"rendered":"BLOG DE ACTUALIDAD"},"content":{"rendered":"<p>[et_pb_section fb_built=\u00bb1&#8243; custom_padding_last_edited=\u00bbon|phone\u00bb disabled_on=\u00bboff|off|off\u00bb _builder_version=\u00bb4.27.4&#8243; _module_preset=\u00bbdefault\u00bb background_color_gradient_direction=\u00bb360deg\u00bb background_image=\u00bbhttps:\/\/rpl-invest.com\/wp-content\/uploads\/2023\/10\/tecnologia-empresarial-clave-en-la-actualidad.jpg\u00bb background_position=\u00bbbottom_center\u00bb background_vertical_offset=\u00bb20%\u00bb vertical_offset_tablet=\u00bb0&#8243; horizontal_offset_tablet=\u00bb0&#8243; width=\u00bb100%\u00bb max_width=\u00bb100%\u00bb max_width_tablet=\u00bb100%\u00bb max_width_phone=\u00bb100%\u00bb max_width_last_edited=\u00bbon|phone\u00bb min_height=\u00bb520px\u00bb min_height_tablet=\u00bb520px\u00bb min_height_phone=\u00bb100px\u00bb min_height_last_edited=\u00bbon|phone\u00bb height_tablet=\u00bb\u00bb height_phone=\u00bb100px\u00bb height_last_edited=\u00bbon|phone\u00bb max_height_tablet=\u00bb\u00bb max_height_phone=\u00bb1000px\u00bb max_height_last_edited=\u00bbon|phone\u00bb custom_margin=\u00bb2px||1px||false|false\u00bb custom_margin_tablet=\u00bb2px||1px||false|false\u00bb custom_margin_phone=\u00bb-10px||-11px|0px|false|false\u00bb custom_margin_last_edited=\u00bbon|phone\u00bb custom_padding=\u00bb487px||16px|0px|false|false\u00bb custom_padding_tablet=\u00bb487px||97px|0px|false|false\u00bb custom_padding_phone=\u00bb174px||97px|0px|false|false\u00bb top_divider_color=\u00bb#606060&#8243; top_divider_height=\u00bb114px\u00bb top_divider_repeat=\u00bb1x\u00bb top_divider_style_tablet=\u00bbmountains2&#8243; top_divider_style_phone=\u00bbmountains2&#8243; top_divider_style_last_edited=\u00bbon|phone\u00bb top_divider_height_tablet=\u00bb114px\u00bb top_divider_height_phone=\u00bb101px\u00bb top_divider_height_last_edited=\u00bbon|phone\u00bb bottom_divider_color=\u00bb#595856&#8243; bottom_divider_height=\u00bb162px\u00bb bottom_divider_repeat=\u00bb0x\u00bb bottom_divider_style_tablet=\u00bbmountains2&#8243; bottom_divider_style_phone=\u00bbmountains2&#8243; bottom_divider_style_last_edited=\u00bbon|phone\u00bb bottom_divider_height_tablet=\u00bb162px\u00bb bottom_divider_height_phone=\u00bb105px\u00bb bottom_divider_height_last_edited=\u00bbon|phone\u00bb hover_enabled=\u00bb0&#8243; background_last_edited=\u00bbon|phone\u00bb background_size_phone=\u00bbcover\u00bb background_vertical_offset_phone=\u00bb100%\u00bb box_shadow_horizontal_tablet=\u00bb0px\u00bb box_shadow_vertical_tablet=\u00bb0px\u00bb box_shadow_blur_tablet=\u00bb40px\u00bb box_shadow_spread_tablet=\u00bb0px\u00bb global_colors_info=\u00bb{}\u00bb sticky_enabled=\u00bb0&#8243;][et_pb_row _builder_version=\u00bb4.22.2&#8243; _module_preset=\u00bbdefault\u00bb min_height=\u00bb22.9px\u00bb custom_margin=\u00bb-11px|auto|-11px|auto|true|false\u00bb custom_margin_tablet=\u00bb-11px|auto|-11px|auto|true|false\u00bb custom_margin_phone=\u00bb61px|auto|61px|auto|true|false\u00bb custom_margin_last_edited=\u00bbon|phone\u00bb custom_padding=\u00bb0px||0px|0px|true|false\u00bb global_colors_info=\u00bb{}\u00bb][et_pb_column type=\u00bb4_4&#8243; _builder_version=\u00bb4.16&#8243; _module_preset=\u00bbdefault\u00bb global_colors_info=\u00bb{}\u00bb][et_pb_text _builder_version=\u00bb4.22.2&#8243; text_font=\u00bb|600|||||||\u00bb text_line_height=\u00bb1.8em\u00bb header_font=\u00bb|700|||||||\u00bb header_text_align=\u00bbcenter\u00bb header_text_color=\u00bb#d0910c\u00bb header_font_size=\u00bb50px\u00bb header_line_height=\u00bb0em\u00bb header_2_font=\u00bbOswald|500||on|||||\u00bb header_2_font_size=\u00bb80px\u00bb header_4_font=\u00bbMerriweather|700|||||||\u00bb header_4_text_color=\u00bb#595856&#8243; header_4_line_height=\u00bb1.4em\u00bb vertical_offset_tablet=\u00bb0&#8243; horizontal_offset_tablet=\u00bb0&#8243; width=\u00bb100%\u00bb min_height=\u00bb35.8px\u00bb custom_margin=\u00bb4px||4px||false|false\u00bb custom_padding=\u00bb0px||0px||true|false\u00bb header_font_size_tablet=\u00bb50px\u00bb header_font_size_phone=\u00bb25px\u00bb header_font_size_last_edited=\u00bbon|phone\u00bb header_2_font_size_tablet=\u00bb60px\u00bb header_2_font_size_phone=\u00bb35px\u00bb header_2_font_size_last_edited=\u00bbon|phone\u00bb header_4_font_size_tablet=\u00bb20px\u00bb header_4_font_size_phone=\u00bb14px\u00bb header_4_font_size_last_edited=\u00bbon|phone\u00bb z_index_tablet=\u00bb0&#8243; text_text_shadow_horizontal_length_tablet=\u00bb0px\u00bb text_text_shadow_vertical_length_tablet=\u00bb0px\u00bb text_text_shadow_blur_strength_tablet=\u00bb1px\u00bb link_text_shadow_horizontal_length_tablet=\u00bb0px\u00bb link_text_shadow_vertical_length_tablet=\u00bb0px\u00bb link_text_shadow_blur_strength_tablet=\u00bb1px\u00bb ul_text_shadow_horizontal_length_tablet=\u00bb0px\u00bb ul_text_shadow_vertical_length_tablet=\u00bb0px\u00bb ul_text_shadow_blur_strength_tablet=\u00bb1px\u00bb ol_text_shadow_horizontal_length_tablet=\u00bb0px\u00bb ol_text_shadow_vertical_length_tablet=\u00bb0px\u00bb ol_text_shadow_blur_strength_tablet=\u00bb1px\u00bb quote_text_shadow_horizontal_length_tablet=\u00bb0px\u00bb quote_text_shadow_vertical_length_tablet=\u00bb0px\u00bb quote_text_shadow_blur_strength_tablet=\u00bb1px\u00bb header_text_shadow_horizontal_length_tablet=\u00bb0px\u00bb header_text_shadow_vertical_length_tablet=\u00bb0px\u00bb header_text_shadow_blur_strength_tablet=\u00bb1px\u00bb header_2_text_shadow_horizontal_length_tablet=\u00bb0px\u00bb header_2_text_shadow_vertical_length_tablet=\u00bb0px\u00bb header_2_text_shadow_blur_strength_tablet=\u00bb1px\u00bb header_3_text_shadow_horizontal_length_tablet=\u00bb0px\u00bb header_3_text_shadow_vertical_length_tablet=\u00bb0px\u00bb header_3_text_shadow_blur_strength_tablet=\u00bb1px\u00bb header_4_text_shadow_horizontal_length_tablet=\u00bb0px\u00bb header_4_text_shadow_vertical_length_tablet=\u00bb0px\u00bb header_4_text_shadow_blur_strength_tablet=\u00bb1px\u00bb header_5_text_shadow_horizontal_length_tablet=\u00bb0px\u00bb header_5_text_shadow_vertical_length_tablet=\u00bb0px\u00bb header_5_text_shadow_blur_strength_tablet=\u00bb1px\u00bb header_6_text_shadow_horizontal_length_tablet=\u00bb0px\u00bb header_6_text_shadow_vertical_length_tablet=\u00bb0px\u00bb header_6_text_shadow_blur_strength_tablet=\u00bb1px\u00bb box_shadow_horizontal_tablet=\u00bb0px\u00bb box_shadow_vertical_tablet=\u00bb0px\u00bb box_shadow_blur_tablet=\u00bb40px\u00bb box_shadow_spread_tablet=\u00bb0px\u00bb locked=\u00bboff\u00bb global_colors_info=\u00bb{}\u00bb]<\/p>\n<h4><\/h4>\n<h1 style=\"text-align: left;\">BLOG DE ACTUALIDAD<\/h1>\n<p>[\/et_pb_text][\/et_pb_column][\/et_pb_row][\/et_pb_section][et_pb_section fb_built=\u00bb1&#8243; admin_label=\u00bbBlog\u00bb _builder_version=\u00bb4.27.4&#8243; _module_preset=\u00bbdefault\u00bb min_height=\u00bb1177.9px\u00bb custom_margin=\u00bb-10px|||||\u00bb custom_padding=\u00bb||0px|||\u00bb top_divider_color=\u00bb#595856&#8243; top_divider_height=\u00bb142px\u00bb top_divider_repeat=\u00bb1x\u00bb top_divider_height_tablet=\u00bb142px\u00bb top_divider_height_phone=\u00bb75px\u00bb top_divider_height_last_edited=\u00bbon|phone\u00bb bottom_divider_color=\u00bb#595856&#8243; bottom_divider_height=\u00bb84px\u00bb bottom_divider_repeat=\u00bb1x\u00bb bottom_divider_height_tablet=\u00bb84px\u00bb bottom_divider_height_phone=\u00bb24px\u00bb bottom_divider_height_last_edited=\u00bbon|phone\u00bb hover_enabled=\u00bb0&#8243; collapsed=\u00bbon\u00bb global_colors_info=\u00bb{}\u00bb sticky_enabled=\u00bb0&#8243;][et_pb_row _builder_version=\u00bb4.19.1&#8243; _module_preset=\u00bbdefault\u00bb max_width=\u00bb700px\u00bb custom_padding=\u00bb||2px|||\u00bb global_colors_info=\u00bb{}\u00bb][et_pb_column type=\u00bb4_4&#8243; _builder_version=\u00bb4.19.1&#8243; _module_preset=\u00bbdefault\u00bb global_colors_info=\u00bb{}\u00bb][et_pb_text _builder_version=\u00bb4.22.2&#8243; _module_preset=\u00bb53d80a52-66df-4c2b-b0db-4b2da2f55f84&#8243; text_font=\u00bb||||||||\u00bb text_text_color=\u00bb#000000&#8243; text_font_size=\u00bb21px\u00bb header_text_color=\u00bb#000000&#8243; text_orientation=\u00bbcenter\u00bb custom_padding=\u00bb46px||0px|||\u00bb text_font_tablet=\u00bb||||||||\u00bb text_font_phone=\u00bb||||||||\u00bb text_font_last_edited=\u00bbon|desktop\u00bb text_font_size_phone=\u00bb15px\u00bb text_line_height_tablet=\u00bb\u00bb text_line_height_phone=\u00bb1.8em\u00bb text_line_height_last_edited=\u00bbon|phone\u00bb global_colors_info=\u00bb{}\u00bb]<\/p>\n<p><strong>Bienvenidos al blog de RPL Invest!<\/strong> En un mundo en constante cambio, mantenerse al tanto de las \u00faltimas tendencias y noticias es esencial para tomar decisiones. As\u00ed pues, en este blog, ofreceremos noticias de actualidad informativas tanto pedag\u00f3gicas como de productos.<\/p>\n<p style=\"text-align: center;\"><strong>Acomp\u00e1\u00f1anos en este viaje<\/strong><\/p>\n<p>[\/et_pb_text][\/et_pb_column][\/et_pb_row][et_pb_row _builder_version=\u00bb4.22.2&#8243; _module_preset=\u00bbdefault\u00bb custom_padding=\u00bb||30px|||\u00bb global_colors_info=\u00bb{}\u00bb][et_pb_column type=\u00bb4_4&#8243; _builder_version=\u00bb4.22.2&#8243; _module_preset=\u00bbdefault\u00bb global_colors_info=\u00bb{}\u00bb][et_pb_divider color=\u00bb#D0910C\u00bb divider_weight=\u00bb4px\u00bb _builder_version=\u00bb4.22.2&#8243; _module_preset=\u00bbdefault\u00bb global_colors_info=\u00bb{}\u00bb][\/et_pb_divider][\/et_pb_column][\/et_pb_row][et_pb_row _builder_version=\u00bb4.22.2&#8243; _module_preset=\u00bbdefault\u00bb custom_margin=\u00bb-35px|auto||auto||\u00bb custom_padding=\u00bb14px||57px|||\u00bb global_colors_info=\u00bb{}\u00bb][et_pb_column type=\u00bb4_4&#8243; _builder_version=\u00bb4.22.2&#8243; _module_preset=\u00bbdefault\u00bb global_colors_info=\u00bb{}\u00bb][et_pb_text _builder_version=\u00bb4.22.2&#8243; _module_preset=\u00bbdefault\u00bb text_font=\u00bbArial|800|||||||\u00bb text_text_color=\u00bb#595856&#8243; text_font_size=\u00bb36px\u00bb text_orientation=\u00bbcenter\u00bb custom_margin=\u00bb2px||13px|||\u00bb global_colors_info=\u00bb{}\u00bb]<\/p>\n<p>PUBLICACIONES<\/p>\n<p>[\/et_pb_text][\/et_pb_column][\/et_pb_row][et_pb_row _builder_version=\u00bb4.22.2&#8243; _module_preset=\u00bbdefault\u00bb min_height=\u00bb981.3px\u00bb custom_margin=\u00bb|auto|-619px|auto|false|false\u00bb custom_padding=\u00bb0px||44px|||\u00bb global_colors_info=\u00bb{}\u00bb][et_pb_column type=\u00bb4_4&#8243; _builder_version=\u00bb4.19.1&#8243; _module_preset=\u00bbdefault\u00bb global_colors_info=\u00bb{}\u00bb][et_pb_blog fullwidth=\u00bboff\u00bb posts_number=\u00bb3&#8243; include_categories=\u00bb34,50,52&#8243; excerpt_length=\u00bb200&#8243; show_more=\u00bbon\u00bb show_author=\u00bboff\u00bb masonry_tile_background_color=\u00bbRGBA(255,255,255,0)\u00bb _builder_version=\u00bb4.23&#8243; _module_preset=\u00bb345cf522-7c6b-4e9c-88f0-2d42762e8083&#8243; header_font=\u00bb|700|||||||\u00bb header_text_align=\u00bbcenter\u00bb header_text_color=\u00bb#D0910C\u00bb header_font_size=\u00bb20px\u00bb header_line_height=\u00bb1.3em\u00bb body_font=\u00bb||||||||\u00bb body_text_align=\u00bbjustify\u00bb body_text_color=\u00bb#000000&#8243; body_font_size=\u00bb16px\u00bb body_line_height=\u00bb1.7em\u00bb meta_font=\u00bb|600|||||||\u00bb meta_text_color=\u00bb#D0910C\u00bb meta_font_size=\u00bb15px\u00bb meta_line_height=\u00bb2.2em\u00bb read_more_font=\u00bb|700||on|||||\u00bb read_more_text_color=\u00bb#D0910C\u00bb pagination_font=\u00bb|700||on|||||\u00bb pagination_text_color=\u00bb#000000&#8243; width=\u00bb100%\u00bb width_tablet=\u00bb100%\u00bb width_phone=\u00bb100%\u00bb width_last_edited=\u00bbon|phone\u00bb max_width=\u00bb100%\u00bb min_height=\u00bb278px\u00bb min_height_tablet=\u00bb1000px\u00bb min_height_phone=\u00bb1000px\u00bb min_height_last_edited=\u00bbon|desktop\u00bb custom_margin=\u00bb||-1720px||false|false\u00bb custom_padding=\u00bb0px||0px||false|false\u00bb header_text_color_tablet=\u00bb#D0910C\u00bb header_text_color_phone=\u00bb#D0910C\u00bb header_text_color_last_edited=\u00bbon|desktop\u00bb header_font_size_tablet=\u00bb16px\u00bb header_font_size_phone=\u00bb15px\u00bb header_font_size_last_edited=\u00bbon|phone\u00bb body_font_tablet=\u00bb||||||||\u00bb body_font_phone=\u00bb||||||||\u00bb body_font_last_edited=\u00bbon|phone\u00bb body_text_align_tablet=\u00bbjustify\u00bb body_text_align_phone=\u00bbjustify\u00bb body_text_align_last_edited=\u00bbon|phone\u00bb body_font_size_tablet=\u00bb16px\u00bb body_font_size_phone=\u00bb14px\u00bb body_font_size_last_edited=\u00bbon|phone\u00bb meta_font_size_tablet=\u00bb15px\u00bb meta_font_size_phone=\u00bb12px\u00bb meta_font_size_last_edited=\u00bbon|phone\u00bb meta_line_height_tablet=\u00bb2.2em\u00bb meta_line_height_phone=\u00bb2.2em\u00bb meta_line_height_last_edited=\u00bbon|desktop\u00bb read_more_font_tablet=\u00bb|700||on|||||\u00bb read_more_font_phone=\u00bb|700||on|||||\u00bb read_more_font_last_edited=\u00bbon|desktop\u00bb read_more_font_size_tablet=\u00bb\u00bb read_more_font_size_phone=\u00bb13px\u00bb read_more_font_size_last_edited=\u00bbon|desktop\u00bb border_radii=\u00bbon|12px|12px|12px|12px\u00bb border_color_all=\u00bb#D0910C\u00bb box_shadow_style=\u00bbpreset4&#8243; box_shadow_horizontal=\u00bb9px\u00bb box_shadow_blur=\u00bb13px\u00bb box_shadow_spread=\u00bb-2px\u00bb locked=\u00bboff\u00bb global_colors_info=\u00bb{}\u00bb][\/et_pb_blog][\/et_pb_column][\/et_pb_row][et_pb_row custom_padding_last_edited=\u00bbon|phone\u00bb _builder_version=\u00bb4.22.2&#8243; _module_preset=\u00bbdefault\u00bb max_width=\u00bb700px\u00bb min_height=\u00bb334.6px\u00bb custom_margin=\u00bb-70px|auto||auto|false|false\u00bb custom_margin_tablet=\u00bb-70px|auto||auto|false|false\u00bb custom_margin_phone=\u00bb100px||||false|false\u00bb custom_margin_last_edited=\u00bbon|phone\u00bb custom_padding=\u00bb50px||48px||false|false\u00bb custom_padding_tablet=\u00bb50px||48px||false|false\u00bb custom_padding_phone=\u00bb300px||||false|false\u00bb border_color_all=\u00bb#D0910C\u00bb global_colors_info=\u00bb{}\u00bb][et_pb_column type=\u00bb4_4&#8243; _builder_version=\u00bb4.22.2&#8243; _module_preset=\u00bbdefault\u00bb background_color=\u00bbRGBA(89,89,89,0)\u00bb global_colors_info=\u00bb{}\u00bb][et_pb_text _builder_version=\u00bb4.23&#8243; _module_preset=\u00bb41cf00e0-b506-4deb-b299-fd5abb7a4879&#8243; header_font_size=\u00bb29px\u00bb header_2_font=\u00bbArial|700|||||||\u00bb header_2_text_color=\u00bb#000000&#8243; header_2_font_size=\u00bb32px\u00bb header_2_line_height=\u00bb0.8em\u00bb text_orientation=\u00bbcenter\u00bb width_tablet=\u00bb\u00bb width_phone=\u00bb100%\u00bb width_last_edited=\u00bbon|phone\u00bb max_width_tablet=\u00bb\u00bb max_width_phone=\u00bb100%\u00bb max_width_last_edited=\u00bbon|phone\u00bb height_tablet=\u00bb\u00bb height_phone=\u00bb\u00bb height_last_edited=\u00bbon|phone\u00bb max_height_tablet=\u00bb\u00bb max_height_phone=\u00bb1000px\u00bb max_height_last_edited=\u00bbon|phone\u00bb custom_margin=\u00bb29px||-8px||false|false\u00bb custom_margin_tablet=\u00bb29px||-8px||false|false\u00bb custom_margin_phone=\u00bb100px||-8px||false|false\u00bb custom_margin_last_edited=\u00bbon|phone\u00bb custom_padding=\u00bb4px||0px|||\u00bb global_colors_info=\u00bb{}\u00bb]<\/p>\n<h2>Suscribete<\/h2>\n<h2>para recibir muchas m\u00e1s novedades<\/h2>\n<p>[\/et_pb_text][et_pb_signup mailchimp_list=\u00bbRPL Invest|e99e3584d7&#8243; use_custom_fields=\u00bbon\u00bb success_message=\u00bb\u00a1Hecho!\u00bb title=\u00bb \u00bb button_text=\u00bbSuscribete\u00bb _builder_version=\u00bb4.23&#8243; _module_preset=\u00bb11011985-c918-459a-96f6-1d26f48a492e\u00bb form_field_background_color=\u00bbRGBA(89,89,89,0)\u00bb form_field_focus_background_color=\u00bbRGBA(89,89,89,0)\u00bb form_field_focus_text_color=\u00bb#000000&#8243; body_text_color=\u00bb#000000&#8243; result_message_text_color=\u00bb#000000&#8243; button_text_color=\u00bb#000000&#8243; button_bg_color=\u00bb#D0910C\u00bb custom_padding=\u00bb0px|||||\u00bb border_color_all_fields=\u00bb#D0910C\u00bb locked=\u00bboff\u00bb global_colors_info=\u00bb{}\u00bb][\/et_pb_signup][\/et_pb_column][\/et_pb_row][\/et_pb_section]<\/p>\n","protected":false},"excerpt":{"rendered":"<p>BLOG DE ACTUALIDAD Bienvenidos al blog de RPL Invest! En un mundo en constante cambio, mantenerse al tanto de las \u00faltimas tendencias y noticias es esencial para tomar decisiones. As\u00ed pues, en este blog, ofreceremos noticias de actualidad informativas tanto pedag\u00f3gicas como de productos. Acomp\u00e1\u00f1anos en este viaje PUBLICACIONESSuscribete para recibir muchas m\u00e1s novedades<\/p>\n","protected":false},"author":1,"featured_media":0,"parent":0,"menu_order":0,"comment_status":"closed","ping_status":"closed","template":"","meta":{"_et_pb_use_builder":"on","_et_pb_old_content":"<p>[et_pb_section bb_built=\"1\"][et_pb_row][\/et_pb_row][\/et_pb_section]<\/p>","_et_gb_content_width":"","footnotes":""},"class_list":["post-2735","page","type-page","status-publish","hentry"],"yoast_head":"<!-- This site is optimized with the Yoast SEO plugin v26.8 - https:\/\/yoast.com\/product\/yoast-seo-wordpress\/ -->\n<title>BLOG DE ACTUALIDAD - RPL INVEST<\/title>\n<meta name=\"description\" content=\"RPL Invest ofrece servicios de inversi\u00f3n y asesoramiento de tu patrimonio en Reus y el Camp de Tarragona. El nuestro objetivo es que los clientes logren sus objetivos financieros.\" \/>\n<meta name=\"robots\" content=\"index, follow, max-snippet:-1, max-image-preview:large, max-video-preview:-1\" \/>\n<link rel=\"canonical\" href=\"https:\/\/rpl-invest.com\/es\/blog-de-actualidad-2\/\" \/>\n<meta property=\"og:locale\" content=\"es_ES\" \/>\n<meta property=\"og:type\" content=\"article\" \/>\n<meta property=\"og:title\" content=\"BLOG DE ACTUALIDAD - RPL INVEST\" \/>\n<meta property=\"og:description\" content=\"RPL Invest ofrece servicios de inversi\u00f3n y asesoramiento de tu patrimonio en Reus y el Camp de Tarragona. El nuestro objetivo es que los clientes logren sus objetivos financieros.\" \/>\n<meta property=\"og:url\" content=\"https:\/\/rpl-invest.com\/es\/blog-de-actualidad-2\/\" \/>\n<meta property=\"og:site_name\" content=\"RPL INVEST\" \/>\n<meta property=\"article:modified_time\" content=\"2025-09-24T16:23:57+00:00\" \/>\n<meta name=\"twitter:card\" content=\"summary_large_image\" \/>\n<meta name=\"twitter:label1\" content=\"Tiempo de lectura\" \/>\n\t<meta name=\"twitter:data1\" content=\"2 minutos\" \/>\n<script type=\"application\/ld+json\" class=\"yoast-schema-graph\">{\"@context\":\"https:\/\/schema.org\",\"@graph\":[{\"@type\":\"WebPage\",\"@id\":\"https:\/\/rpl-invest.com\/es\/blog-de-actualidad-2\/\",\"url\":\"https:\/\/rpl-invest.com\/es\/blog-de-actualidad-2\/\",\"name\":\"BLOG DE ACTUALIDAD - RPL INVEST\",\"isPartOf\":{\"@id\":\"https:\/\/rpl-invest.com\/#website\"},\"datePublished\":\"2023-10-02T15:48:48+00:00\",\"dateModified\":\"2025-09-24T16:23:57+00:00\",\"description\":\"RPL Invest ofrece servicios de inversi\u00f3n y asesoramiento de tu patrimonio en Reus y el Camp de Tarragona. El nuestro objetivo es que los clientes logren sus objetivos financieros.\",\"breadcrumb\":{\"@id\":\"https:\/\/rpl-invest.com\/es\/blog-de-actualidad-2\/#breadcrumb\"},\"inLanguage\":\"es\",\"potentialAction\":[{\"@type\":\"ReadAction\",\"target\":[\"https:\/\/rpl-invest.com\/es\/blog-de-actualidad-2\/\"]}]},{\"@type\":\"BreadcrumbList\",\"@id\":\"https:\/\/rpl-invest.com\/es\/blog-de-actualidad-2\/#breadcrumb\",\"itemListElement\":[{\"@type\":\"ListItem\",\"position\":1,\"name\":\"Portada\",\"item\":\"https:\/\/rpl-invest.com\/es\/\"},{\"@type\":\"ListItem\",\"position\":2,\"name\":\"BLOG DE ACTUALIDAD\"}]},{\"@type\":\"WebSite\",\"@id\":\"https:\/\/rpl-invest.com\/#website\",\"url\":\"https:\/\/rpl-invest.com\/\",\"name\":\"RPL INVEST\",\"description\":\"SERVICIOS DE INVERSI\u00d3N EN REUS Y TARRAGONA\",\"publisher\":{\"@id\":\"https:\/\/rpl-invest.com\/#organization\"},\"potentialAction\":[{\"@type\":\"SearchAction\",\"target\":{\"@type\":\"EntryPoint\",\"urlTemplate\":\"https:\/\/rpl-invest.com\/?s={search_term_string}\"},\"query-input\":{\"@type\":\"PropertyValueSpecification\",\"valueRequired\":true,\"valueName\":\"search_term_string\"}}],\"inLanguage\":\"es\"},{\"@type\":\"Organization\",\"@id\":\"https:\/\/rpl-invest.com\/#organization\",\"name\":\"RPL INVEST\",\"url\":\"https:\/\/rpl-invest.com\/\",\"logo\":{\"@type\":\"ImageObject\",\"inLanguage\":\"es\",\"@id\":\"https:\/\/rpl-invest.com\/#\/schema\/logo\/image\/\",\"url\":\"https:\/\/rpl-invest.com\/wp-content\/uploads\/2022\/12\/rpl-invest.png\",\"contentUrl\":\"https:\/\/rpl-invest.com\/wp-content\/uploads\/2022\/12\/rpl-invest.png\",\"width\":988,\"height\":416,\"caption\":\"RPL INVEST\"},\"image\":{\"@id\":\"https:\/\/rpl-invest.com\/#\/schema\/logo\/image\/\"}}]}<\/script>\n<!-- \/ Yoast SEO plugin. -->","yoast_head_json":{"title":"BLOG DE ACTUALIDAD - RPL INVEST","description":"RPL Invest ofrece servicios de inversi\u00f3n y asesoramiento de tu patrimonio en Reus y el Camp de Tarragona. El nuestro objetivo es que los clientes logren sus objetivos financieros.","robots":{"index":"index","follow":"follow","max-snippet":"max-snippet:-1","max-image-preview":"max-image-preview:large","max-video-preview":"max-video-preview:-1"},"canonical":"https:\/\/rpl-invest.com\/es\/blog-de-actualidad-2\/","og_locale":"es_ES","og_type":"article","og_title":"BLOG DE ACTUALIDAD - RPL INVEST","og_description":"RPL Invest ofrece servicios de inversi\u00f3n y asesoramiento de tu patrimonio en Reus y el Camp de Tarragona. El nuestro objetivo es que los clientes logren sus objetivos financieros.","og_url":"https:\/\/rpl-invest.com\/es\/blog-de-actualidad-2\/","og_site_name":"RPL INVEST","article_modified_time":"2025-09-24T16:23:57+00:00","twitter_card":"summary_large_image","twitter_misc":{"Tiempo de lectura":"2 minutos"},"schema":{"@context":"https:\/\/schema.org","@graph":[{"@type":"WebPage","@id":"https:\/\/rpl-invest.com\/es\/blog-de-actualidad-2\/","url":"https:\/\/rpl-invest.com\/es\/blog-de-actualidad-2\/","name":"BLOG DE ACTUALIDAD - RPL INVEST","isPartOf":{"@id":"https:\/\/rpl-invest.com\/#website"},"datePublished":"2023-10-02T15:48:48+00:00","dateModified":"2025-09-24T16:23:57+00:00","description":"RPL Invest ofrece servicios de inversi\u00f3n y asesoramiento de tu patrimonio en Reus y el Camp de Tarragona. El nuestro objetivo es que los clientes logren sus objetivos financieros.","breadcrumb":{"@id":"https:\/\/rpl-invest.com\/es\/blog-de-actualidad-2\/#breadcrumb"},"inLanguage":"es","potentialAction":[{"@type":"ReadAction","target":["https:\/\/rpl-invest.com\/es\/blog-de-actualidad-2\/"]}]},{"@type":"BreadcrumbList","@id":"https:\/\/rpl-invest.com\/es\/blog-de-actualidad-2\/#breadcrumb","itemListElement":[{"@type":"ListItem","position":1,"name":"Portada","item":"https:\/\/rpl-invest.com\/es\/"},{"@type":"ListItem","position":2,"name":"BLOG DE ACTUALIDAD"}]},{"@type":"WebSite","@id":"https:\/\/rpl-invest.com\/#website","url":"https:\/\/rpl-invest.com\/","name":"RPL INVEST","description":"SERVICIOS DE INVERSI\u00d3N EN REUS Y TARRAGONA","publisher":{"@id":"https:\/\/rpl-invest.com\/#organization"},"potentialAction":[{"@type":"SearchAction","target":{"@type":"EntryPoint","urlTemplate":"https:\/\/rpl-invest.com\/?s={search_term_string}"},"query-input":{"@type":"PropertyValueSpecification","valueRequired":true,"valueName":"search_term_string"}}],"inLanguage":"es"},{"@type":"Organization","@id":"https:\/\/rpl-invest.com\/#organization","name":"RPL INVEST","url":"https:\/\/rpl-invest.com\/","logo":{"@type":"ImageObject","inLanguage":"es","@id":"https:\/\/rpl-invest.com\/#\/schema\/logo\/image\/","url":"https:\/\/rpl-invest.com\/wp-content\/uploads\/2022\/12\/rpl-invest.png","contentUrl":"https:\/\/rpl-invest.com\/wp-content\/uploads\/2022\/12\/rpl-invest.png","width":988,"height":416,"caption":"RPL INVEST"},"image":{"@id":"https:\/\/rpl-invest.com\/#\/schema\/logo\/image\/"}}]}},"_links":{"self":[{"href":"https:\/\/rpl-invest.com\/es\/wp-json\/wp\/v2\/pages\/2735","targetHints":{"allow":["GET"]}}],"collection":[{"href":"https:\/\/rpl-invest.com\/es\/wp-json\/wp\/v2\/pages"}],"about":[{"href":"https:\/\/rpl-invest.com\/es\/wp-json\/wp\/v2\/types\/page"}],"author":[{"embeddable":true,"href":"https:\/\/rpl-invest.com\/es\/wp-json\/wp\/v2\/users\/1"}],"replies":[{"embeddable":true,"href":"https:\/\/rpl-invest.com\/es\/wp-json\/wp\/v2\/comments?post=2735"}],"version-history":[{"count":60,"href":"https:\/\/rpl-invest.com\/es\/wp-json\/wp\/v2\/pages\/2735\/revisions"}],"predecessor-version":[{"id":4659,"href":"https:\/\/rpl-invest.com\/es\/wp-json\/wp\/v2\/pages\/2735\/revisions\/4659"}],"wp:attachment":[{"href":"https:\/\/rpl-invest.com\/es\/wp-json\/wp\/v2\/media?parent=2735"}],"curies":[{"name":"wp","href":"https:\/\/api.w.org\/{rel}","templated":true}]}}